{"id":7757,"date":"2025-12-09T17:46:15","date_gmt":"2025-12-09T16:46:15","guid":{"rendered":"https:\/\/loeilceleste.com\/?page_id=7757"},"modified":"2026-02-18T15:33:54","modified_gmt":"2026-02-18T14:33:54","slug":"guide-des-pierres","status":"publish","type":"page","link":"https:\/\/loeilceleste.com\/?page_id=7757","title":{"rendered":"Guide des pierres"},"content":{"rendered":"\t\t<div data-elementor-type=\"wp-page\" data-elementor-id=\"7757\" class=\"elementor elementor-7757\">\n\t\t\t\t\t\t<section class=\"elementor-section elementor-top-section elementor-element elementor-element-e413b8a elementor-section-boxed elementor-section-height-default elementor-section-height-default\" data-id=\"e413b8a\" data-element_type=\"section\">\n\t\t\t\t\t\t<div class=\"elementor-container elementor-column-gap-default\">\n\t\t\t\t\t<div class=\"elementor-column elementor-col-100 elementor-top-column elementor-element elementor-element-bcd0228\" data-id=\"bcd0228\" data-element_type=\"column\">\n\t\t\t<div class=\"elementor-widget-wrap elementor-element-populated\">\n\t\t\t\t\t\t<div class=\"elementor-element elementor-element-d8858d0 elementor-widget elementor-widget-heading\" data-id=\"d8858d0\" data-element_type=\"widget\" data-widget_type=\"heading.default\">\n\t\t\t\t<div class=\"elementor-widget-container\">\n\t\t\t\t\t<h5 class=\"elementor-heading-title elementor-size-default\">Les min\u00e9raux sont des amis pr\u00e9cieux<\/h5>\t\t\t\t<\/div>\n\t\t\t\t<\/div>\n\t\t\t\t<div class=\"elementor-element elementor-element-96ebc1e elementor-widget elementor-widget-heading\" data-id=\"96ebc1e\" data-element_type=\"widget\" data-widget_type=\"heading.default\">\n\t\t\t\t<div class=\"elementor-widget-container\">\n\t\t\t\t\t<h4 class=\"elementor-heading-title elementor-size-default\">Guide de vertus et entretient des pierres<\/h4>\t\t\t\t<\/div>\n\t\t\t\t<\/div>\n\t\t\t\t<div class=\"elementor-element elementor-element-cb7b090 elementor-widget elementor-widget-text-editor\" data-id=\"cb7b090\" data-element_type=\"widget\" data-widget_type=\"text-editor.default\">\n\t\t\t\t<div class=\"elementor-widget-container\">\n\t\t\t\t\t\t\t\t\t<p class=\"whitespace-break-spaces\" dir=\"auto\">D\u00e9couvrez une liste de pierres, chacune accompagn\u00e9e de ses <span class=\"followup-block followup-block-hidden cursor-pointer outline-none static inline group-hover\/message:[--hover-opacity:1]\" tabindex=\"0\" data-question=\"Quels sont les rituels les plus efficaces pour nettoyer et revitaliser chaque type de pierre ?\" aria-haspopup=\"dialog\" aria-expanded=\"false\" aria-controls=\"radix-_r_1aq_\" data-state=\"closed\">propri\u00e9t\u00e9s physiques et emotionnelles et des rituels pour les nettoyer et les revitaliser<\/span> <img decoding=\"async\" class=\"emoji\" role=\"img\" draggable=\"false\" src=\"https:\/\/s.w.org\/images\/core\/emoji\/17.0.2\/svg\/1f319.svg\" alt=\"\ud83c\udf19\" \/><\/p><p class=\"whitespace-break-spaces\" dir=\"auto\"><strong>Pourquoi purifier les pierres ?<\/strong><\/p><ul><li>Une pierre absorbe les <span class=\"followup-block followup-block-hidden cursor-pointer outline-none static inline group-hover\/message:[--hover-opacity:1]\" tabindex=\"0\" data-question=\"Comment une pierre distingue-t-elle les \u00e9nergies positives des \u00e9nergies n\u00e9gatives ?\" aria-haspopup=\"dialog\" aria-expanded=\"false\" aria-controls=\"radix-_r_1ar_\" data-state=\"closed\">\u00e9nergies environnantes, qu\u2019elles soient positives ou n\u00e9gatives<\/span>.<\/li><li>La purification \u00e9limine les <span class=\"followup-block followup-block-hidden cursor-pointer outline-none static inline group-hover\/message:[--hover-opacity:1]\" tabindex=\"0\" data-question=\"Quels sont les signes qu\u2019une pierre a accumul\u00e9 trop d\u2019\u00e9nergies n\u00e9gatives et a besoin d\u2019\u00eatre purifi\u00e9e ?\" aria-haspopup=\"dialog\" aria-expanded=\"false\" aria-controls=\"radix-_r_1as_\" data-state=\"closed\">\u00e9nergies stagnantes ou n\u00e9gatives accumul\u00e9es<\/span>.<\/li><li>Elle pr\u00e9pare la pierre \u00e0 <span class=\"followup-block followup-block-hidden cursor-pointer outline-none static inline group-hover\/message:[--hover-opacity:1]\" tabindex=\"0\" data-question=\"Quelles m\u00e9thodes de rechargement sont les plus adapt\u00e9es selon le type de pierre et son utilisation ?\" aria-haspopup=\"dialog\" aria-expanded=\"false\" aria-controls=\"radix-_r_1au_\" data-state=\"closed\">recevoir de nouvelles \u00e9nergies lors du rechargement<\/span>.<\/li><\/ul><p class=\"whitespace-break-spaces\" dir=\"auto\"><strong>Pourquoi recharger les pierres ?<\/strong><\/p><ul><li>Le rechargement <span class=\"followup-block followup-block-hidden cursor-pointer outline-none static inline group-hover\/message:[--hover-opacity:1]\" tabindex=\"0\" data-question=\"Combien de temps une pierre peut-elle \u00ab travailler \u00bb avant d\u2019avoir besoin d\u2019\u00eatre recharg\u00e9e ?\" aria-haspopup=\"dialog\" aria-expanded=\"false\" aria-controls=\"radix-_r_1av_\" data-state=\"closed\">redonne de l\u2019\u00e9nergie \u00e0 la pierre apr\u00e8s qu\u2019elle ait travaill\u00e9 pour vous<\/span>.<\/li><li>Il <span class=\"followup-block followup-block-hidden cursor-pointer outline-none static inline group-hover\/message:[--hover-opacity:1]\" tabindex=\"0\" data-question=\"Existe-t-il des preuves scientifiques que le rechargement am\u00e9liore r\u00e9ellement les propri\u00e9t\u00e9s des pierres ?\" aria-haspopup=\"dialog\" aria-expanded=\"false\" aria-controls=\"radix-_r_1b0_\" data-state=\"closed\">active pleinement ses propri\u00e9t\u00e9s et renforce son efficacit\u00e9<\/span>.<\/li><\/ul>\t\t\t\t\t\t\t\t<\/div>\n\t\t\t\t<\/div>\n\t\t\t\t<div class=\"elementor-element elementor-element-b0bc6e4 elementor-widget elementor-widget-image\" data-id=\"b0bc6e4\" data-element_type=\"widget\" data-widget_type=\"image.default\">\n\t\t\t\t<div class=\"elementor-widget-container\">\n\t\t\t\t\t\t\t\t\t\t\t\t\t\t\t<img fetchpriority=\"high\" decoding=\"async\" width=\"925\" height=\"520\" src=\"https:\/\/loeilceleste.com\/wp-content\/uploads\/2025\/02\/Loeil-celeste-rennes-mineraux-bijoux-pierres-naturelles-spiritualite-magie-esoterisme-212-1024x576.jpg\" class=\"attachment-large size-large wp-image-6416\" alt=\"\" srcset=\"https:\/\/loeilceleste.com\/wp-content\/uploads\/2025\/02\/Loeil-celeste-rennes-mineraux-bijoux-pierres-naturelles-spiritualite-magie-esoterisme-212-1024x576.jpg 1024w, https:\/\/loeilceleste.com\/wp-content\/uploads\/2025\/02\/Loeil-celeste-rennes-mineraux-bijoux-pierres-naturelles-spiritualite-magie-esoterisme-212-scaled-600x338.jpg 600w, https:\/\/loeilceleste.com\/wp-content\/uploads\/2025\/02\/Loeil-celeste-rennes-mineraux-bijoux-pierres-naturelles-spiritualite-magie-esoterisme-212-300x169.jpg 300w, https:\/\/loeilceleste.com\/wp-content\/uploads\/2025\/02\/Loeil-celeste-rennes-mineraux-bijoux-pierres-naturelles-spiritualite-magie-esoterisme-212-768x432.jpg 768w, https:\/\/loeilceleste.com\/wp-content\/uploads\/2025\/02\/Loeil-celeste-rennes-mineraux-bijoux-pierres-naturelles-spiritualite-magie-esoterisme-212-1536x864.jpg 1536w, https:\/\/loeilceleste.com\/wp-content\/uploads\/2025\/02\/Loeil-celeste-rennes-mineraux-bijoux-pierres-naturelles-spiritualite-magie-esoterisme-212-2048x1153.jpg 2048w, https:\/\/loeilceleste.com\/wp-content\/uploads\/2025\/02\/Loeil-celeste-rennes-mineraux-bijoux-pierres-naturelles-spiritualite-magie-esoterisme-212-107x60.jpg 107w\" sizes=\"(max-width: 925px) 100vw, 925px\" \/>\t\t\t\t\t\t\t\t\t\t\t\t\t\t\t<\/div>\n\t\t\t\t<\/div>\n\t\t\t\t<div class=\"elementor-element elementor-element-d413f7c elementor-widget__width-initial elementor-widget elementor-widget-text-editor\" data-id=\"d413f7c\" data-element_type=\"widget\" data-widget_type=\"text-editor.default\">\n\t\t\t\t<div class=\"elementor-widget-container\">\n\t\t\t\t\t\t\t\t\t<p class=\"whitespace-break-spaces\" dir=\"auto\">\u00a0<img decoding=\"async\" class=\"emoji\" role=\"img\" draggable=\"false\" src=\"https:\/\/s.w.org\/images\/core\/emoji\/17.0.2\/svg\/1f319.svg\" alt=\"\ud83c\udf19\" \/><\/p><p><a href=\"https:\/\/loeilceleste.com\/?page_id=7778\">Aigue-marine<\/a><br \/><a href=\"https:\/\/loeilceleste.com\/?page_id=7780\">Agate Botswana<\/a><br \/><a href=\"https:\/\/loeilceleste.com\/?page_id=7790\">Agate Crazy Lace<\/a><br \/><a href=\"https:\/\/loeilceleste.com\/?page_id=7989\">Agate dendrite<\/a><br \/><a href=\"https:\/\/loeilceleste.com\/?page_id=7792\">Agate mousse<\/a><br \/><a href=\"https:\/\/loeilceleste.com\/?page_id=7784\">Amazonite<\/a><br \/><a href=\"https:\/\/loeilceleste.com\/?page_id=7786\">Ambre<\/a><br \/><a href=\"https:\/\/loeilceleste.com\/?page_id=7788\">Am\u00e9thyste<\/a><br \/><a href=\"https:\/\/loeilceleste.com\/?page_id=7802\">Am\u00e9trine<\/a><br \/><a href=\"https:\/\/loeilceleste.com\/?page_id=7813\">Ammonite<\/a><br \/><a href=\"https:\/\/loeilceleste.com\/?page_id=7815\">Ang\u00e9lite<\/a><br \/><a href=\"https:\/\/loeilceleste.com\/?page_id=7817\">Apatite<\/a><br \/><a href=\"https:\/\/loeilceleste.com\/?page_id=7819\">Auralite<\/a><br \/><a href=\"https:\/\/loeilceleste.com\/?page_id=7821\">Aventurine orange<\/a><br \/><a href=\"https:\/\/loeilceleste.com\/?page_id=7823\">Aventurine verte<\/a><br \/><a href=\"https:\/\/loeilceleste.com\/?page_id=7825\">Aventurine rose<\/a><br \/><a href=\"https:\/\/loeilceleste.com\/?page_id=7830\">Azurite<\/a><br \/><a href=\"https:\/\/loeilceleste.com\/?page_id=7833\">Azurite-malachite<\/a><br \/><a href=\"https:\/\/loeilceleste.com\/?page_id=7838\">Bois fossilis\u00e9<\/a><br \/><a href=\"https:\/\/loeilceleste.com\/?page_id=7840\">Bronzite<\/a><br \/><a href=\"https:\/\/loeilceleste.com\/?page_id=7843\">Calc\u00e9doine bleue<\/a><br \/><a href=\"https:\/\/loeilceleste.com\/?page_id=7845\">Calcite<\/a><br \/><a href=\"https:\/\/loeilceleste.com\/?page_id=7853\">C\u00e9lestine<\/a><br \/><a href=\"https:\/\/loeilceleste.com\/?page_id=7855\">Charo\u00efte<\/a><br \/><a href=\"https:\/\/loeilceleste.com\/?page_id=7857\">Cheveux de V\u00e9nus (Quartz rutile)<\/a><br \/><a href=\"https:\/\/loeilceleste.com\/?page_id=7862\">Chrysocolle<\/a><br \/><a href=\"https:\/\/loeilceleste.com\/?page_id=7865\">Chrysoprase<\/a><br \/><a href=\"https:\/\/loeilceleste.com\/?page_id=7867\">Citrine<\/a><br \/><a href=\"https:\/\/loeilceleste.com\/?page_id=7869\">Cyanite<\/a><br \/><a href=\"https:\/\/loeilceleste.com\/?page_id=7871\">Dumorti\u00e9rite<\/a><br \/><a href=\"https:\/\/loeilceleste.com\/?page_id=7873\">\u00c9meraude<\/a><br \/><a href=\"https:\/\/loeilceleste.com\/?page_id=7877\">\u00c9pidote<\/a><br \/><a href=\"https:\/\/loeilceleste.com\/?page_id=7879\">Fluorite violette<\/a><br \/><a href=\"https:\/\/loeilceleste.com\/?page_id=7885\">Fluorite verte<\/a><br \/><a href=\"https:\/\/loeilceleste.com\/?page_id=7891\">Grenat almandin<\/a><br \/><a href=\"https:\/\/loeilceleste.com\/?page_id=7893\">Grenat rhodolite<\/a><br \/><a href=\"https:\/\/loeilceleste.com\/?page_id=7896\">H\u00e9matite<\/a><br \/><a href=\"https:\/\/loeilceleste.com\/?page_id=7901\">H\u00e9mimorphite<\/a><br \/><a href=\"https:\/\/loeilceleste.com\/?page_id=7904\">Howlite<\/a><br \/><a href=\"https:\/\/loeilceleste.com\/?page_id=7906\">Hypersth\u00e8ne<\/a><br \/><a href=\"https:\/\/loeilceleste.com\/?page_id=7911\">Iolite<\/a><br \/><a href=\"https:\/\/loeilceleste.com\/?page_id=7917\">Jade<\/a><br \/><a href=\"https:\/\/loeilceleste.com\/?page_id=7919\">Jade n\u00e9phrite<\/a><br \/><a href=\"https:\/\/loeilceleste.com\/?page_id=7921\">Jaspe bleu<\/a><br \/><a href=\"https:\/\/loeilceleste.com\/?page_id=7924\">Jaspe Bourdon<\/a><br \/><a href=\"https:\/\/loeilceleste.com\/?page_id=7929\">Jaspe breschique<\/a><br \/><a href=\"https:\/\/loeilceleste.com\/?page_id=7932\">Jaspe dalmatien<\/a><br \/><a href=\"https:\/\/loeilceleste.com\/?page_id=7937\">Jaspe h\u00e9liotrope<\/a><br \/><a href=\"https:\/\/loeilceleste.com\/?page_id=7940\">Jaspe K2<\/a><br \/><a href=\"https:\/\/loeilceleste.com\/?page_id=7942\">Jaspe Kambala<\/a><br \/><a href=\"https:\/\/loeilceleste.com\/?page_id=7944\">Jaspe kiwi<\/a><br \/><a href=\"https:\/\/loeilceleste.com\/?page_id=7946\">Jaspe l\u00e9opard<\/a><br \/><a href=\"https:\/\/loeilceleste.com\/?page_id=7951\">Jaspe moka\u00efte<\/a><br \/><a href=\"https:\/\/loeilceleste.com\/?page_id=7954\">Jaspe oc\u00e9an<\/a><br \/><a href=\"https:\/\/loeilceleste.com\/?page_id=7956\">Jaspe picasso<\/a><br \/><a href=\"https:\/\/loeilceleste.com\/?page_id=7958\">Jaspe rouge<\/a><br \/><a href=\"https:\/\/loeilceleste.com\/?page_id=7960\">Jaspe yaowang<\/a><br \/><a href=\"https:\/\/loeilceleste.com\/?page_id=7962\">Jaspe z\u00e8bre noir et blanc<\/a><br \/><a href=\"https:\/\/loeilceleste.com\/?page_id=7964\">Jaspe z\u00e8bre orange<\/a><br \/><a href=\"https:\/\/loeilceleste.com\/?page_id=7969\">Labradorite<\/a><\/p><p><a href=\"https:\/\/loeilceleste.com\/?page_id=8015\">Labradorite Blanche<\/a><\/p><p><a style=\"background-color: #ffffff;\" href=\"https:\/\/loeilceleste.com\/?page_id=7974\">Lapis-lazuli<\/a><\/p><p><a href=\"https:\/\/loeilceleste.com\/?page_id=7979\">Larimar<\/a><br \/><a href=\"https:\/\/loeilceleste.com\/?page_id=7984\">Larvikite<\/a><br \/><a href=\"https:\/\/loeilceleste.com\/?page_id=7987\">L\u00e9pidolite<\/a><br \/><a href=\"https:\/\/loeilceleste.com\/?page_id=8010\">Magn\u00e9site<\/a><br \/><a href=\"https:\/\/loeilceleste.com\/?page_id=8022\">Magn\u00e9tite<\/a><br \/><a href=\"https:\/\/loeilceleste.com\/?page_id=8030\">Malachite<\/a><br \/><a href=\"https:\/\/loeilceleste.com\/?page_id=8037\">Manganocalcite<\/a><br \/><a href=\"https:\/\/loeilceleste.com\/?page_id=8041\">Merlinite<\/a><br \/><a href=\"https:\/\/loeilceleste.com\/?page_id=8043\">Morganite<\/a><br \/><a href=\"https:\/\/loeilceleste.com\/?page_id=8045\">Muscovite<\/a><br \/><a href=\"https:\/\/loeilceleste.com\/?page_id=8051\">Nacre<\/a><br \/><a href=\"https:\/\/loeilceleste.com\/?page_id=8069\">Obsidienne noire<\/a><br \/><a href=\"https:\/\/loeilceleste.com\/?page_id=8064\">Obsidienne dor\u00e9e<\/a><br \/><a href=\"https:\/\/loeilceleste.com\/?page_id=8059\">Obsidienne argent\u00e9e<\/a><br \/><a href=\"https:\/\/loeilceleste.com\/?page_id=8056\">Obsidienne acajou<\/a><br \/><a href=\"https:\/\/loeilceleste.com\/?page_id=8103\">Obsidienne \u0153il c\u00e9leste<\/a><br \/><a href=\"https:\/\/loeilceleste.com\/?page_id=8105\">Obsidienne araign\u00e9e<\/a><br \/><a href=\"https:\/\/loeilceleste.com\/?page_id=8110\">\u0152il de chat<\/a><br \/><a href=\"https:\/\/loeilceleste.com\/?page_id=8079\">\u0152il de faucon<\/a><br \/><a href=\"https:\/\/loeilceleste.com\/?page_id=8081\">\u0152il de taureau<\/a><br \/><a href=\"https:\/\/loeilceleste.com\/?page_id=8086\">\u0152il de tigre<\/a><br \/><a href=\"https:\/\/loeilceleste.com\/?page_id=8091\">Onyx<\/a><br \/><a href=\"https:\/\/loeilceleste.com\/?page_id=8093\">Opale<\/a><br \/><a href=\"https:\/\/loeilceleste.com\/?page_id=8119\">P\u00e9ridot<\/a><br \/><a href=\"https:\/\/loeilceleste.com\/?page_id=8121\">P\u00e9tersite<\/a><br \/><a href=\"https:\/\/loeilceleste.com\/?page_id=8126\">Pr\u00e9hnite<\/a><br \/><a href=\"https:\/\/loeilceleste.com\/?page_id=8129\">Pyrite<\/a><br \/><a href=\"https:\/\/loeilceleste.com\/?page_id=8134\">Quartz fraise<\/a><br \/><a href=\"https:\/\/loeilceleste.com\/?page_id=8144\">Quartz fum\u00e9<\/a><br \/><a href=\"https:\/\/loeilceleste.com\/?page_id=8146\">Quartz rose<\/a><br \/><a href=\"https:\/\/loeilceleste.com\/?page_id=8151\">Rhodonite<\/a><br \/><a href=\"https:\/\/loeilceleste.com\/?page_id=8154\">Rhodochrosite<\/a><br \/><a href=\"https:\/\/loeilceleste.com\/?page_id=8159\">Rhyolite<\/a><br \/><a href=\"https:\/\/loeilceleste.com\/?page_id=8164\">Rubellite<\/a><br \/><a href=\"https:\/\/loeilceleste.com\/?page_id=8169\">Rubis<\/a><br \/><a href=\"https:\/\/loeilceleste.com\/?page_id=8174\">Rubis zo\u00efsite<\/a><br \/><a href=\"https:\/\/loeilceleste.com\/?page_id=8179\">Saphir<\/a><br \/><a href=\"https:\/\/loeilceleste.com\/?page_id=8184\">Scolecite<\/a><br \/><a href=\"https:\/\/loeilceleste.com\/?page_id=8189\">S\u00e9l\u00e9nite<\/a><br \/><a href=\"https:\/\/loeilceleste.com\/?page_id=8194\">Septaria<\/a><br \/><a href=\"https:\/\/loeilceleste.com\/?page_id=8197\">Serpentine<\/a><br \/><a href=\"https:\/\/loeilceleste.com\/?page_id=8203\">Shungite<\/a><br \/><a href=\"https:\/\/loeilceleste.com\/?page_id=8212\">Sodalite<\/a><br \/><a href=\"https:\/\/loeilceleste.com\/?page_id=8214\">Spinelle<\/a><br \/><a href=\"https:\/\/loeilceleste.com\/?page_id=8219\">Stilbite<\/a><br \/><a href=\"https:\/\/loeilceleste.com\/?page_id=8222\">Sugilite<\/a><br \/><a href=\"https:\/\/loeilceleste.com\/?page_id=8224\">Super Seven<\/a><br \/><a href=\"https:\/\/loeilceleste.com\/?page_id=8229\">Topaze bleue<\/a><br \/><a href=\"https:\/\/loeilceleste.com\/?page_id=8234\">Tourmaline noire<\/a><br \/><a href=\"https:\/\/loeilceleste.com\/?page_id=8237\">Tourmaline multicolore<\/a><br \/><a href=\"https:\/\/loeilceleste.com\/?page_id=8239\">Turquoise<\/a><br \/><a href=\"https:\/\/loeilceleste.com\/?page_id=8244\">Unakite<\/a><\/p><p><a href=\"https:\/\/loeilceleste.com\/?page_id=8261\">Yaowang<\/a><br \/><a href=\"https:\/\/loeilceleste.com\/?page_id=8249\">Yooperlite<\/a><br \/><a href=\"https:\/\/loeilceleste.com\/?page_id=8251\">Zircon<\/a><br \/><a href=\"https:\/\/loeilceleste.com\/?page_id=8256\">Zo\u00efsite<\/a><\/p>\t\t\t\t\t\t\t\t<\/div>\n\t\t\t\t<\/div>\n\t\t\t\t\t<\/div>\n\t\t<\/div>\n\t\t\t\t\t<\/div>\n\t\t<\/section>\n\t\t\t\t<\/div>\n\t\t","protected":false},"excerpt":{"rendered":"<p>Les min\u00e9raux sont des amis pr\u00e9cieux Guide de vertus et entretient des pierres D\u00e9couvrez une liste de pierres, chacune accompagn\u00e9e de ses propri\u00e9t\u00e9s physiques et &hellip; <\/p>\n","protected":false},"author":1,"featured_media":0,"parent":0,"menu_order":0,"comment_status":"closed","ping_status":"closed","template":"","meta":{"footnotes":""},"class_list":["post-7757","page","type-page","status-publish","hentry","latest_post"],"_links":{"self":[{"href":"https:\/\/loeilceleste.com\/index.php?rest_route=\/wp\/v2\/pages\/7757","targetHints":{"allow":["GET"]}}],"collection":[{"href":"https:\/\/loeilceleste.com\/index.php?rest_route=\/wp\/v2\/pages"}],"about":[{"href":"https:\/\/loeilceleste.com\/index.php?rest_route=\/wp\/v2\/types\/page"}],"author":[{"embeddable":true,"href":"https:\/\/loeilceleste.com\/index.php?rest_route=\/wp\/v2\/users\/1"}],"replies":[{"embeddable":true,"href":"https:\/\/loeilceleste.com\/index.php?rest_route=%2Fwp%2Fv2%2Fcomments&post=7757"}],"version-history":[{"count":197,"href":"https:\/\/loeilceleste.com\/index.php?rest_route=\/wp\/v2\/pages\/7757\/revisions"}],"predecessor-version":[{"id":8272,"href":"https:\/\/loeilceleste.com\/index.php?rest_route=\/wp\/v2\/pages\/7757\/revisions\/8272"}],"wp:attachment":[{"href":"https:\/\/loeilceleste.com\/index.php?rest_route=%2Fwp%2Fv2%2Fmedia&parent=7757"}],"curies":[{"name":"wp","href":"https:\/\/api.w.org\/{rel}","templated":true}]}}