{"id":5083,"date":"2023-09-13T17:22:15","date_gmt":"2023-09-13T15:22:15","guid":{"rendered":"https:\/\/loeilceleste.com\/?page_id=5083"},"modified":"2025-06-26T17:33:25","modified_gmt":"2025-06-26T15:33:25","slug":"les-perles","status":"publish","type":"page","link":"https:\/\/loeilceleste.com\/?page_id=5083","title":{"rendered":"Les Perles"},"content":{"rendered":"\t\t<div data-elementor-type=\"wp-page\" data-elementor-id=\"5083\" class=\"elementor elementor-5083\">\n\t\t\t\t\t\t<section class=\"elementor-section elementor-top-section elementor-element elementor-element-e18afaa elementor-section-boxed elementor-section-height-default elementor-section-height-default\" data-id=\"e18afaa\" data-element_type=\"section\">\n\t\t\t\t\t\t<div class=\"elementor-container elementor-column-gap-default\">\n\t\t\t\t\t<div class=\"elementor-column elementor-col-100 elementor-top-column elementor-element elementor-element-45acbb4\" data-id=\"45acbb4\" data-element_type=\"column\">\n\t\t\t<div class=\"elementor-widget-wrap elementor-element-populated\">\n\t\t\t\t\t\t<div class=\"elementor-element elementor-element-7cd99be elementor-widget elementor-widget-image\" data-id=\"7cd99be\" data-element_type=\"widget\" data-widget_type=\"image.default\">\n\t\t\t\t<div class=\"elementor-widget-container\">\n\t\t\t\t\t\t\t\t\t\t\t\t\t\t\t<img fetchpriority=\"high\" decoding=\"async\" width=\"1280\" height=\"800\" src=\"https:\/\/loeilceleste.com\/wp-content\/uploads\/2025\/04\/loel-celeste-boutique-de-mineraux-a-rennes-cristal-pierres-naturelles-5.png\" class=\"attachment-full size-full wp-image-7058\" alt=\"\" srcset=\"https:\/\/loeilceleste.com\/wp-content\/uploads\/2025\/04\/loel-celeste-boutique-de-mineraux-a-rennes-cristal-pierres-naturelles-5.png 1280w, https:\/\/loeilceleste.com\/wp-content\/uploads\/2025\/04\/loel-celeste-boutique-de-mineraux-a-rennes-cristal-pierres-naturelles-5-768x480.png 768w, https:\/\/loeilceleste.com\/wp-content\/uploads\/2025\/04\/loel-celeste-boutique-de-mineraux-a-rennes-cristal-pierres-naturelles-5-96x60.png 96w, https:\/\/loeilceleste.com\/wp-content\/uploads\/2025\/04\/loel-celeste-boutique-de-mineraux-a-rennes-cristal-pierres-naturelles-5-600x375.png 600w\" sizes=\"(max-width: 1280px) 100vw, 1280px\" \/>\t\t\t\t\t\t\t\t\t\t\t\t\t\t\t<\/div>\n\t\t\t\t<\/div>\n\t\t\t\t\t<\/div>\n\t\t<\/div>\n\t\t\t\t\t<\/div>\n\t\t<\/section>\n\t\t\t\t<section class=\"elementor-section elementor-top-section elementor-element elementor-element-7f024c0 elementor-section-content-middle elementor-section-boxed elementor-section-height-default elementor-section-height-default\" data-id=\"7f024c0\" data-element_type=\"section\">\n\t\t\t\t\t\t<div class=\"elementor-container elementor-column-gap-no\">\n\t\t\t\t\t<div class=\"elementor-column elementor-col-50 elementor-top-column elementor-element elementor-element-36783d1 elementor-hidden-mobile\" data-id=\"36783d1\" data-element_type=\"column\">\n\t\t\t<div class=\"elementor-widget-wrap elementor-element-populated\">\n\t\t\t\t\t\t<div class=\"elementor-element elementor-element-e4edff5 elementor-widget-divider--view-line elementor-widget elementor-widget-divider\" data-id=\"e4edff5\" data-element_type=\"widget\" data-widget_type=\"divider.default\">\n\t\t\t\t<div class=\"elementor-widget-container\">\n\t\t\t\t\t\t\t<div class=\"elementor-divider\">\n\t\t\t<span class=\"elementor-divider-separator\">\n\t\t\t\t\t\t<\/span>\n\t\t<\/div>\n\t\t\t\t\t\t<\/div>\n\t\t\t\t<\/div>\n\t\t\t\t\t<\/div>\n\t\t<\/div>\n\t\t\t\t<div class=\"elementor-column elementor-col-50 elementor-top-column elementor-element elementor-element-07836ba\" data-id=\"07836ba\" data-element_type=\"column\">\n\t\t\t<div class=\"elementor-widget-wrap elementor-element-populated\">\n\t\t\t\t\t\t<div class=\"elementor-element elementor-element-3f91f3b elementor-widget elementor-widget-heading\" data-id=\"3f91f3b\" data-element_type=\"widget\" data-widget_type=\"heading.default\">\n\t\t\t\t<div class=\"elementor-widget-container\">\n\t\t\t\t\t<h5 class=\"elementor-heading-title elementor-size-default\">Puret\u00e9 et douceur<\/h5>\t\t\t\t<\/div>\n\t\t\t\t<\/div>\n\t\t\t\t<div class=\"elementor-element elementor-element-9420295 elementor-widget elementor-widget-heading\" data-id=\"9420295\" data-element_type=\"widget\" data-widget_type=\"heading.default\">\n\t\t\t\t<div class=\"elementor-widget-container\">\n\t\t\t\t\t<h4 class=\"elementor-heading-title elementor-size-default\">Joyau des oc\u00e9ans<\/h4>\t\t\t\t<\/div>\n\t\t\t\t<\/div>\n\t\t\t\t<div class=\"elementor-element elementor-element-e33cf69 elementor-widget elementor-widget-text-editor\" data-id=\"e33cf69\" data-element_type=\"widget\" data-widget_type=\"text-editor.default\">\n\t\t\t\t<div class=\"elementor-widget-container\">\n\t\t\t\t\t\t\t\t\t<p class=\"cvGsUA direction-ltr align-center para-style-body\"><span class=\"OYPEnA font-feature-liga-off font-feature-clig-off font-feature-calt-off text-decoration-none text-strikethrough-none\">Belles, l\u00e9g\u00e8res et \u00e9l\u00e9gantes, les perles propos\u00e9es en boutiques sont toutes des perles d\u2019eau douce naturelles provenant des Philippines .<\/span><\/p><p class=\"cvGsUA direction-ltr align-center para-style-body\"><span class=\"OYPEnA font-feature-liga-off font-feature-clig-off font-feature-calt-off text-decoration-none text-strikethrough-none\">Pour de nombreuses civilisations, la perle est un symbole de puret\u00e9 et de douceur. <\/span><\/p><p class=\"cvGsUA direction-ltr align-center para-style-body\"><span class=\"OYPEnA font-feature-liga-off font-feature-clig-off font-feature-calt-off text-decoration-none text-strikethrough-none\">La perle de culture, joyau des oc\u00e9ans, porte en elle les myst\u00e8res des anciens temps. <\/span><span class=\"OYPEnA font-feature-liga-off font-feature-clig-off font-feature-calt-off text-decoration-none text-strikethrough-none\">Symbole de puret\u00e9, de beaut\u00e9 \u00e9ternelle, Elle brille dans la nuit, comme une \u00e9toile immortelle.<\/span><\/p>\t\t\t\t\t\t\t\t<\/div>\n\t\t\t\t<\/div>\n\t\t\t\t\t<\/div>\n\t\t<\/div>\n\t\t\t\t\t<\/div>\n\t\t<\/section>\n\t\t\t\t<\/div>\n\t\t","protected":false},"excerpt":{"rendered":"<p>Puret\u00e9 et douceur Joyau des oc\u00e9ans Belles, l\u00e9g\u00e8res et \u00e9l\u00e9gantes, les perles propos\u00e9es en boutiques sont toutes des perles d\u2019eau douce naturelles provenant des Philippines &hellip; <\/p>\n","protected":false},"author":1,"featured_media":0,"parent":0,"menu_order":0,"comment_status":"closed","ping_status":"closed","template":"","meta":{"footnotes":""},"class_list":["post-5083","page","type-page","status-publish","hentry","latest_post"],"_links":{"self":[{"href":"https:\/\/loeilceleste.com\/index.php?rest_route=\/wp\/v2\/pages\/5083","targetHints":{"allow":["GET"]}}],"collection":[{"href":"https:\/\/loeilceleste.com\/index.php?rest_route=\/wp\/v2\/pages"}],"about":[{"href":"https:\/\/loeilceleste.com\/index.php?rest_route=\/wp\/v2\/types\/page"}],"author":[{"embeddable":true,"href":"https:\/\/loeilceleste.com\/index.php?rest_route=\/wp\/v2\/users\/1"}],"replies":[{"embeddable":true,"href":"https:\/\/loeilceleste.com\/index.php?rest_route=%2Fwp%2Fv2%2Fcomments&post=5083"}],"version-history":[{"count":55,"href":"https:\/\/loeilceleste.com\/index.php?rest_route=\/wp\/v2\/pages\/5083\/revisions"}],"predecessor-version":[{"id":7583,"href":"https:\/\/loeilceleste.com\/index.php?rest_route=\/wp\/v2\/pages\/5083\/revisions\/7583"}],"wp:attachment":[{"href":"https:\/\/loeilceleste.com\/index.php?rest_route=%2Fwp%2Fv2%2Fmedia&parent=5083"}],"curies":[{"name":"wp","href":"https:\/\/api.w.org\/{rel}","templated":true}]}}