{"id":4752,"date":"2023-02-24T22:21:44","date_gmt":"2023-02-24T21:21:44","guid":{"rendered":"http:\/\/ocristaux.com\/?page_id=4752"},"modified":"2025-06-26T17:28:12","modified_gmt":"2025-06-26T15:28:12","slug":"bijoux","status":"publish","type":"page","link":"https:\/\/loeilceleste.com\/?page_id=4752","title":{"rendered":"Bijoux"},"content":{"rendered":"\t\t<div data-elementor-type=\"wp-page\" data-elementor-id=\"4752\" class=\"elementor elementor-4752\">\n\t\t\t\t\t\t<section class=\"elementor-section elementor-top-section elementor-element elementor-element-ab6d9ba elementor-section-boxed elementor-section-height-default elementor-section-height-default\" data-id=\"ab6d9ba\" data-element_type=\"section\">\n\t\t\t\t\t\t<div class=\"elementor-container elementor-column-gap-default\">\n\t\t\t\t\t<div class=\"elementor-column elementor-col-100 elementor-top-column elementor-element elementor-element-4bb84ed\" data-id=\"4bb84ed\" data-element_type=\"column\">\n\t\t\t<div class=\"elementor-widget-wrap elementor-element-populated\">\n\t\t\t\t\t\t<div class=\"elementor-element elementor-element-9bd717a elementor-widget elementor-widget-image\" data-id=\"9bd717a\" data-element_type=\"widget\" data-widget_type=\"image.default\">\n\t\t\t\t<div class=\"elementor-widget-container\">\n\t\t\t\t\t\t\t\t\t\t\t\t\t\t\t<img fetchpriority=\"high\" decoding=\"async\" width=\"1280\" height=\"800\" src=\"https:\/\/loeilceleste.com\/wp-content\/uploads\/2025\/04\/loel-celeste-boutique-de-mineraux-a-rennes-cristal-pierres-naturelles-1.png\" class=\"attachment-full size-full wp-image-7054\" alt=\"\" srcset=\"https:\/\/loeilceleste.com\/wp-content\/uploads\/2025\/04\/loel-celeste-boutique-de-mineraux-a-rennes-cristal-pierres-naturelles-1.png 1280w, https:\/\/loeilceleste.com\/wp-content\/uploads\/2025\/04\/loel-celeste-boutique-de-mineraux-a-rennes-cristal-pierres-naturelles-1-768x480.png 768w, https:\/\/loeilceleste.com\/wp-content\/uploads\/2025\/04\/loel-celeste-boutique-de-mineraux-a-rennes-cristal-pierres-naturelles-1-96x60.png 96w, https:\/\/loeilceleste.com\/wp-content\/uploads\/2025\/04\/loel-celeste-boutique-de-mineraux-a-rennes-cristal-pierres-naturelles-1-600x375.png 600w\" sizes=\"(max-width: 1280px) 100vw, 1280px\" \/>\t\t\t\t\t\t\t\t\t\t\t\t\t\t\t<\/div>\n\t\t\t\t<\/div>\n\t\t\t\t\t<\/div>\n\t\t<\/div>\n\t\t\t\t\t<\/div>\n\t\t<\/section>\n\t\t\t\t<section class=\"elementor-section elementor-top-section elementor-element elementor-element-4856459c elementor-section-content-middle elementor-section-boxed elementor-section-height-default elementor-section-height-default\" data-id=\"4856459c\" data-element_type=\"section\">\n\t\t\t\t\t\t<div class=\"elementor-container elementor-column-gap-no\">\n\t\t\t\t\t<div class=\"elementor-column elementor-col-50 elementor-top-column elementor-element elementor-element-334979bc elementor-hidden-mobile\" data-id=\"334979bc\" data-element_type=\"column\">\n\t\t\t<div class=\"elementor-widget-wrap elementor-element-populated\">\n\t\t\t\t\t\t<div class=\"elementor-element elementor-element-64385baa elementor-widget-divider--view-line elementor-widget elementor-widget-divider\" data-id=\"64385baa\" data-element_type=\"widget\" data-widget_type=\"divider.default\">\n\t\t\t\t<div class=\"elementor-widget-container\">\n\t\t\t\t\t\t\t<div class=\"elementor-divider\">\n\t\t\t<span class=\"elementor-divider-separator\">\n\t\t\t\t\t\t<\/span>\n\t\t<\/div>\n\t\t\t\t\t\t<\/div>\n\t\t\t\t<\/div>\n\t\t\t\t\t<\/div>\n\t\t<\/div>\n\t\t\t\t<div class=\"elementor-column elementor-col-50 elementor-top-column elementor-element elementor-element-6eb70613\" data-id=\"6eb70613\" data-element_type=\"column\">\n\t\t\t<div class=\"elementor-widget-wrap elementor-element-populated\">\n\t\t\t\t\t\t<div class=\"elementor-element elementor-element-222a9508 elementor-widget elementor-widget-heading\" data-id=\"222a9508\" data-element_type=\"widget\" data-widget_type=\"heading.default\">\n\t\t\t\t<div class=\"elementor-widget-container\">\n\t\t\t\t\t<h5 class=\"elementor-heading-title elementor-size-default\">Savoir faire<\/h5>\t\t\t\t<\/div>\n\t\t\t\t<\/div>\n\t\t\t\t<div class=\"elementor-element elementor-element-3ef4cd75 elementor-widget elementor-widget-heading\" data-id=\"3ef4cd75\" data-element_type=\"widget\" data-widget_type=\"heading.default\">\n\t\t\t\t<div class=\"elementor-widget-container\">\n\t\t\t\t\t<h4 class=\"elementor-heading-title elementor-size-default\">Pi\u00e8ces uniques<\/h4>\t\t\t\t<\/div>\n\t\t\t\t<\/div>\n\t\t\t\t<div class=\"elementor-element elementor-element-310a7186 elementor-widget elementor-widget-text-editor\" data-id=\"310a7186\" data-element_type=\"widget\" data-widget_type=\"text-editor.default\">\n\t\t\t\t<div class=\"elementor-widget-container\">\n\t\t\t\t\t\t\t\t\t<p class=\"cvGsUA direction-ltr align-center para-style-body\"><span class=\"OYPEnA font-feature-liga-off font-feature-clig-off font-feature-calt-off text-decoration-none text-strikethrough-none\">Chez L&rsquo;Oeil c\u00e9leste, nous vous invitons \u00e0 explorer un univers fascinant de min\u00e9raux provenant des quatre coins du globe.\u00a0<\/span><span class=\"OYPEnA font-feature-liga-off font-feature-clig-off font-feature-calt-off text-decoration-none text-strikethrough-none\">Chaque pi\u00e8ce de notre collection est soigneusement s\u00e9lectionn\u00e9e et fa\u00e7onn\u00e9e avec amour par des artisans passionn\u00e9s.<\/span><\/p><p class=\"cvGsUA direction-ltr align-center para-style-body\"><span class=\"OYPEnA font-feature-liga-off font-feature-clig-off font-feature-calt-off text-decoration-none text-strikethrough-none\">Plongez dans un voyage sensoriel o\u00f9 la beaut\u00e9 naturelle rencontre le savoir-faire artisanal.<\/span><\/p><p class=\"cvGsUA direction-ltr align-center para-style-body\"><span class=\"OYPEnA font-feature-liga-off font-feature-clig-off font-feature-calt-off text-decoration-none text-strikethrough-none\">Chaque pi\u00e8ce est unique et porte en elle une histoire fascinante.<\/span><\/p>\t\t\t\t\t\t\t\t<\/div>\n\t\t\t\t<\/div>\n\t\t\t\t\t<\/div>\n\t\t<\/div>\n\t\t\t\t\t<\/div>\n\t\t<\/section>\n\t\t\t\t<\/div>\n\t\t","protected":false},"excerpt":{"rendered":"<p>Savoir faire Pi\u00e8ces uniques Chez L&rsquo;Oeil c\u00e9leste, nous vous invitons \u00e0 explorer un univers fascinant de min\u00e9raux provenant des quatre coins du globe.\u00a0Chaque pi\u00e8ce de &hellip; <\/p>\n","protected":false},"author":1,"featured_media":0,"parent":0,"menu_order":0,"comment_status":"closed","ping_status":"closed","template":"","meta":{"footnotes":""},"class_list":["post-4752","page","type-page","status-publish","hentry","latest_post"],"_links":{"self":[{"href":"https:\/\/loeilceleste.com\/index.php?rest_route=\/wp\/v2\/pages\/4752","targetHints":{"allow":["GET"]}}],"collection":[{"href":"https:\/\/loeilceleste.com\/index.php?rest_route=\/wp\/v2\/pages"}],"about":[{"href":"https:\/\/loeilceleste.com\/index.php?rest_route=\/wp\/v2\/types\/page"}],"author":[{"embeddable":true,"href":"https:\/\/loeilceleste.com\/index.php?rest_route=\/wp\/v2\/users\/1"}],"replies":[{"embeddable":true,"href":"https:\/\/loeilceleste.com\/index.php?rest_route=%2Fwp%2Fv2%2Fcomments&post=4752"}],"version-history":[{"count":251,"href":"https:\/\/loeilceleste.com\/index.php?rest_route=\/wp\/v2\/pages\/4752\/revisions"}],"predecessor-version":[{"id":7571,"href":"https:\/\/loeilceleste.com\/index.php?rest_route=\/wp\/v2\/pages\/4752\/revisions\/7571"}],"wp:attachment":[{"href":"https:\/\/loeilceleste.com\/index.php?rest_route=%2Fwp%2Fv2%2Fmedia&parent=4752"}],"curies":[{"name":"wp","href":"https:\/\/api.w.org\/{rel}","templated":true}]}}