{"id":4748,"date":"2023-02-24T22:20:47","date_gmt":"2023-02-24T21:20:47","guid":{"rendered":"http:\/\/ocristaux.com\/?page_id=4748"},"modified":"2023-09-24T10:07:06","modified_gmt":"2023-09-24T08:07:06","slug":"bols-chantants","status":"publish","type":"page","link":"https:\/\/loeilceleste.com\/?page_id=4748","title":{"rendered":"Bols chantants"},"content":{"rendered":"\t\t<div data-elementor-type=\"wp-page\" data-elementor-id=\"4748\" class=\"elementor elementor-4748\">\n\t\t\t\t\t\t<section class=\"elementor-section elementor-top-section elementor-element elementor-element-71144ce elementor-section-boxed elementor-section-height-default elementor-section-height-default\" data-id=\"71144ce\" data-element_type=\"section\">\n\t\t\t\t\t\t<div class=\"elementor-container elementor-column-gap-default\">\n\t\t\t\t\t<div class=\"elementor-column elementor-col-100 elementor-top-column elementor-element elementor-element-52c9c77\" data-id=\"52c9c77\" data-element_type=\"column\">\n\t\t\t<div class=\"elementor-widget-wrap elementor-element-populated\">\n\t\t\t\t\t\t<div class=\"elementor-element elementor-element-a0e944e elementor-widget elementor-widget-image-gallery\" data-id=\"a0e944e\" data-element_type=\"widget\" data-widget_type=\"image-gallery.default\">\n\t\t\t\t<div class=\"elementor-widget-container\">\n\t\t\t\t\t\t\t<div class=\"elementor-image-gallery\">\n\t\t\t<div id='gallery-1' class='gallery galleryid-4748 gallery-columns-4 gallery-size-blossom-fashion-slider-six'><figure class='gallery-item'>\r\n            <div class='gallery-icon landscape'>\r\n                <a href='https:\/\/loeilceleste.com\/wp-content\/uploads\/2023\/09\/loeil-celeste-boutique-mineraux-bien-etre-rennes-273.png' data-fancybox='group4' data-caption=''><img fetchpriority=\"high\" decoding=\"async\" width=\"430\" height=\"300\" src=\"https:\/\/loeilceleste.com\/wp-content\/uploads\/2023\/09\/loeil-celeste-boutique-mineraux-bien-etre-rennes-273-430x300.png\" class=\"attachment-blossom-fashion-slider-six size-blossom-fashion-slider-six\" alt=\"\" \/><\/a>\r\n            <\/div><\/figure><figure class='gallery-item'>\r\n            <div class='gallery-icon landscape'>\r\n                <a href='https:\/\/loeilceleste.com\/wp-content\/uploads\/2023\/09\/loeil-celeste-boutique-mineraux-bien-etre-rennes-277.png' data-fancybox='group4' data-caption=''><img decoding=\"async\" width=\"430\" height=\"300\" src=\"https:\/\/loeilceleste.com\/wp-content\/uploads\/2023\/09\/loeil-celeste-boutique-mineraux-bien-etre-rennes-277-430x300.png\" class=\"attachment-blossom-fashion-slider-six size-blossom-fashion-slider-six\" alt=\"\" \/><\/a>\r\n            <\/div><\/figure><figure class='gallery-item'>\r\n            <div class='gallery-icon landscape'>\r\n                <a href='https:\/\/loeilceleste.com\/wp-content\/uploads\/2023\/09\/loeil-celeste-boutique-mineraux-bien-etre-rennes-279.png' data-fancybox='group4' data-caption=''><img decoding=\"async\" width=\"430\" height=\"300\" src=\"https:\/\/loeilceleste.com\/wp-content\/uploads\/2023\/09\/loeil-celeste-boutique-mineraux-bien-etre-rennes-279-430x300.png\" class=\"attachment-blossom-fashion-slider-six size-blossom-fashion-slider-six\" alt=\"\" \/><\/a>\r\n            <\/div><\/figure><figure class='gallery-item'>\r\n            <div class='gallery-icon landscape'>\r\n                <a href='https:\/\/loeilceleste.com\/wp-content\/uploads\/2023\/09\/loeil-celeste-boutique-mineraux-bien-etre-rennes-285.png' data-fancybox='group4' data-caption=''><img loading=\"lazy\" decoding=\"async\" width=\"430\" height=\"300\" src=\"https:\/\/loeilceleste.com\/wp-content\/uploads\/2023\/09\/loeil-celeste-boutique-mineraux-bien-etre-rennes-285-430x300.png\" class=\"attachment-blossom-fashion-slider-six size-blossom-fashion-slider-six\" alt=\"\" \/><\/a>\r\n            <\/div><\/figure>\r\n        <\/div>\n\t\t<\/div>\n\t\t\t\t\t\t<\/div>\n\t\t\t\t<\/div>\n\t\t\t\t\t<\/div>\n\t\t<\/div>\n\t\t\t\t\t<\/div>\n\t\t<\/section>\n\t\t\t\t<section class=\"elementor-section elementor-top-section elementor-element elementor-element-9f9fdb4 elementor-section-boxed elementor-section-height-default elementor-section-height-default\" data-id=\"9f9fdb4\" data-element_type=\"section\">\n\t\t\t\t\t\t<div class=\"elementor-container elementor-column-gap-default\">\n\t\t\t\t\t<div class=\"elementor-column elementor-col-100 elementor-top-column elementor-element elementor-element-6e2cc62\" data-id=\"6e2cc62\" data-element_type=\"column\">\n\t\t\t<div class=\"elementor-widget-wrap elementor-element-populated\">\n\t\t\t\t\t\t<div class=\"elementor-element elementor-element-58a4a8e elementor-widget elementor-widget-spacer\" data-id=\"58a4a8e\" data-element_type=\"widget\" data-widget_type=\"spacer.default\">\n\t\t\t\t<div class=\"elementor-widget-container\">\n\t\t\t\t\t\t\t<div class=\"elementor-spacer\">\n\t\t\t<div class=\"elementor-spacer-inner\"><\/div>\n\t\t<\/div>\n\t\t\t\t\t\t<\/div>\n\t\t\t\t<\/div>\n\t\t\t\t\t<\/div>\n\t\t<\/div>\n\t\t\t\t\t<\/div>\n\t\t<\/section>\n\t\t\t\t<section class=\"elementor-section elementor-top-section elementor-element elementor-element-1bff5f2 elementor-section-boxed elementor-section-height-default elementor-section-height-default\" data-id=\"1bff5f2\" data-element_type=\"section\">\n\t\t\t\t\t\t<div class=\"elementor-container elementor-column-gap-default\">\n\t\t\t\t\t<div class=\"elementor-column elementor-col-100 elementor-top-column elementor-element elementor-element-25d89fd\" data-id=\"25d89fd\" data-element_type=\"column\">\n\t\t\t<div class=\"elementor-widget-wrap elementor-element-populated\">\n\t\t\t\t\t\t<div class=\"elementor-element elementor-element-b9fa67e elementor-widget elementor-widget-text-path\" data-id=\"b9fa67e\" data-element_type=\"widget\" data-settings=\"{&quot;text&quot;:&quot;Ils purifient et rechargent vos pierres&quot;,&quot;align&quot;:&quot;center&quot;,&quot;link&quot;:{&quot;url&quot;:&quot;&quot;,&quot;is_external&quot;:&quot;&quot;,&quot;nofollow&quot;:&quot;&quot;,&quot;custom_attributes&quot;:&quot;&quot;},&quot;start_point&quot;:{&quot;unit&quot;:&quot;%&quot;,&quot;size&quot;:0,&quot;sizes&quot;:[]}}\" data-widget_type=\"text-path.default\">\n\t\t\t\t<div class=\"elementor-widget-container\">\n\t\t\t\t\t\t\t<div class=\"e-text-path\" data-text=\"Ils purifient et rechargent vos pierres\" data-url=\"\/\/loeilceleste.com\/wp-content\/plugins\/elementor\/assets\/svg-paths\/wave.svg\" data-link-url=\"\"><\/div>\n\t\t\t\t\t\t<\/div>\n\t\t\t\t<\/div>\n\t\t\t\t\t<\/div>\n\t\t<\/div>\n\t\t\t\t\t<\/div>\n\t\t<\/section>\n\t\t\t\t<section class=\"elementor-section elementor-top-section elementor-element elementor-element-3987b9f elementor-section-boxed elementor-section-height-default elementor-section-height-default\" data-id=\"3987b9f\" data-element_type=\"section\">\n\t\t\t\t\t\t<div class=\"elementor-container elementor-column-gap-default\">\n\t\t\t\t\t<div class=\"elementor-column elementor-col-100 elementor-top-column elementor-element elementor-element-f107930\" data-id=\"f107930\" data-element_type=\"column\">\n\t\t\t<div class=\"elementor-widget-wrap elementor-element-populated\">\n\t\t\t\t\t\t<div class=\"elementor-element elementor-element-91fc504 elementor-widget elementor-widget-spacer\" data-id=\"91fc504\" data-element_type=\"widget\" data-widget_type=\"spacer.default\">\n\t\t\t\t<div class=\"elementor-widget-container\">\n\t\t\t\t\t\t\t<div class=\"elementor-spacer\">\n\t\t\t<div class=\"elementor-spacer-inner\"><\/div>\n\t\t<\/div>\n\t\t\t\t\t\t<\/div>\n\t\t\t\t<\/div>\n\t\t\t\t\t<\/div>\n\t\t<\/div>\n\t\t\t\t\t<\/div>\n\t\t<\/section>\n\t\t\t\t<section class=\"elementor-section elementor-top-section elementor-element elementor-element-198b09d elementor-section-boxed elementor-section-height-default elementor-section-height-default\" data-id=\"198b09d\" data-element_type=\"section\">\n\t\t\t\t\t\t<div class=\"elementor-container elementor-column-gap-default\">\n\t\t\t\t\t<div class=\"elementor-column elementor-col-100 elementor-top-column elementor-element elementor-element-7714320\" data-id=\"7714320\" data-element_type=\"column\">\n\t\t\t<div class=\"elementor-widget-wrap elementor-element-populated\">\n\t\t\t\t\t\t<div class=\"elementor-element elementor-element-451ea08 elementor-widget elementor-widget-text-editor\" data-id=\"451ea08\" data-element_type=\"widget\" data-widget_type=\"text-editor.default\">\n\t\t\t\t<div class=\"elementor-widget-container\">\n\t\t\t\t\t\t\t\t\t<p>Les bols chantants ou tib\u00e9tains sont couramment utilis\u00e9s lors de c\u00e9r\u00e9monies ou de m\u00e9ditations. Leur chant a le pouvoir d&rsquo;harmoniser les \u00e9nergies du corps, cr\u00e9er une ambiance ou encore purifier les cristaux.<\/p>\n<p>\u00ab\u00a0La musique est une r\u00e9v\u00e9lation plus haute que toute sagesse et toute philosophie &#8230;\u00a0\u00bb Beethoven<\/p>\t\t\t\t\t\t\t\t<\/div>\n\t\t\t\t<\/div>\n\t\t\t\t\t<\/div>\n\t\t<\/div>\n\t\t\t\t\t<\/div>\n\t\t<\/section>\n\t\t\t\t<section class=\"elementor-section elementor-top-section elementor-element elementor-element-22bb82c elementor-section-boxed elementor-section-height-default elementor-section-height-default\" data-id=\"22bb82c\" data-element_type=\"section\">\n\t\t\t\t\t\t<div class=\"elementor-container elementor-column-gap-default\">\n\t\t\t\t\t<div class=\"elementor-column elementor-col-50 elementor-top-column elementor-element elementor-element-12f9a84\" data-id=\"12f9a84\" data-element_type=\"column\">\n\t\t\t<div class=\"elementor-widget-wrap\">\n\t\t\t\t\t\t\t<\/div>\n\t\t<\/div>\n\t\t\t\t<div class=\"elementor-column elementor-col-50 elementor-top-column elementor-element elementor-element-e63597a\" data-id=\"e63597a\" data-element_type=\"column\">\n\t\t\t<div class=\"elementor-widget-wrap\">\n\t\t\t\t\t\t\t<\/div>\n\t\t<\/div>\n\t\t\t\t\t<\/div>\n\t\t<\/section>\n\t\t\t\t<\/div>\n\t\t","protected":false},"excerpt":{"rendered":"<p>Les bols chantants ou tib\u00e9tains sont couramment utilis\u00e9s lors de c\u00e9r\u00e9monies ou de m\u00e9ditations. Leur chant a le pouvoir d&rsquo;harmoniser les \u00e9nergies du corps, cr\u00e9er &hellip; <\/p>\n","protected":false},"author":1,"featured_media":0,"parent":0,"menu_order":0,"comment_status":"closed","ping_status":"closed","template":"","meta":{"footnotes":""},"class_list":["post-4748","page","type-page","status-publish","hentry","latest_post"],"_links":{"self":[{"href":"https:\/\/loeilceleste.com\/index.php?rest_route=\/wp\/v2\/pages\/4748","targetHints":{"allow":["GET"]}}],"collection":[{"href":"https:\/\/loeilceleste.com\/index.php?rest_route=\/wp\/v2\/pages"}],"about":[{"href":"https:\/\/loeilceleste.com\/index.php?rest_route=\/wp\/v2\/types\/page"}],"author":[{"embeddable":true,"href":"https:\/\/loeilceleste.com\/index.php?rest_route=\/wp\/v2\/users\/1"}],"replies":[{"embeddable":true,"href":"https:\/\/loeilceleste.com\/index.php?rest_route=%2Fwp%2Fv2%2Fcomments&post=4748"}],"version-history":[{"count":21,"href":"https:\/\/loeilceleste.com\/index.php?rest_route=\/wp\/v2\/pages\/4748\/revisions"}],"predecessor-version":[{"id":5886,"href":"https:\/\/loeilceleste.com\/index.php?rest_route=\/wp\/v2\/pages\/4748\/revisions\/5886"}],"wp:attachment":[{"href":"https:\/\/loeilceleste.com\/index.php?rest_route=%2Fwp%2Fv2%2Fmedia&parent=4748"}],"curies":[{"name":"wp","href":"https:\/\/api.w.org\/{rel}","templated":true}]}}